{"id":28567,"date":"2025-01-24T19:16:23","date_gmt":"2025-01-24T19:16:23","guid":{"rendered":"https:\/\/kidsfunspot.xyz\/rhapsody\/?post_type=product&#038;p=28567"},"modified":"2025-01-24T19:16:23","modified_gmt":"2025-01-24T19:16:23","slug":"realitates-rapsodija-agrinejiem-lasitajiem-latvian-january-2025","status":"publish","type":"product","link":"https:\/\/kidsfunspot.xyz\/rhapsody\/product\/realitates-rapsodija-agrinejiem-lasitajiem-latvian-january-2025\/","title":{"rendered":"REALIT\u0100TES RAPSODIJA AGRIN\u0112JIEM LAS\u012aT\u0100JIEM \u2013 LATVIAN \u2013 JANUARY 2025"},"content":{"rendered":"","protected":false},"excerpt":{"rendered":"","protected":false},"featured_media":28568,"template":"","meta":[],"product_brand":[],"product_cat":[72,75],"product_tag":[],"class_list":{"0":"post-28567","1":"product","2":"type-product","3":"status-publish","4":"has-post-thumbnail","6":"product_cat-rorer","7":"product_cat-translations","9":"first","10":"instock","11":"downloadable","12":"shipping-taxable","13":"product-type-simple"},"_links":{"self":[{"href":"https:\/\/kidsfunspot.xyz\/rhapsody\/wp-json\/wp\/v2\/product\/28567","targetHints":{"allow":["GET"]}}],"collection":[{"href":"https:\/\/kidsfunspot.xyz\/rhapsody\/wp-json\/wp\/v2\/product"}],"about":[{"href":"https:\/\/kidsfunspot.xyz\/rhapsody\/wp-json\/wp\/v2\/types\/product"}],"version-history":[{"count":1,"href":"https:\/\/kidsfunspot.xyz\/rhapsody\/wp-json\/wp\/v2\/product\/28567\/revisions"}],"predecessor-version":[{"id":28569,"href":"https:\/\/kidsfunspot.xyz\/rhapsody\/wp-json\/wp\/v2\/product\/28567\/revisions\/28569"}],"wp:featuredmedia":[{"embeddable":true,"href":"https:\/\/kidsfunspot.xyz\/rhapsody\/wp-json\/wp\/v2\/media\/28568"}],"wp:attachment":[{"href":"https:\/\/kidsfunspot.xyz\/rhapsody\/wp-json\/wp\/v2\/media?parent=28567"}],"wp:term":[{"taxonomy":"product_brand","embeddable":true,"href":"https:\/\/kidsfunspot.xyz\/rhapsody\/wp-json\/wp\/v2\/product_brand?post=28567"},{"taxonomy":"product_cat","embeddable":true,"href":"https:\/\/kidsfunspot.xyz\/rhapsody\/wp-json\/wp\/v2\/product_cat?post=28567"},{"taxonomy":"product_tag","embeddable":true,"href":"https:\/\/kidsfunspot.xyz\/rhapsody\/wp-json\/wp\/v2\/product_tag?post=28567"}],"curies":[{"name":"wp","href":"https:\/\/api.w.org\/{rel}","templated":true}]}}