{"id":28760,"date":"2025-02-10T10:00:41","date_gmt":"2025-02-10T10:00:41","guid":{"rendered":"https:\/\/kidsfunspot.xyz\/rhapsody\/?post_type=product&#038;p=28760"},"modified":"2025-02-10T10:00:41","modified_gmt":"2025-02-10T10:00:41","slug":"realitates-rapsodija-agrinejiem-lasitajiem-latvian-2025-gada-februaris","status":"publish","type":"product","link":"https:\/\/kidsfunspot.xyz\/rhapsody\/product\/realitates-rapsodija-agrinejiem-lasitajiem-latvian-2025-gada-februaris\/","title":{"rendered":"REALIT\u0100TES RAPSODIJA AGRIN\u0112JIEM LAS\u012aT\u0100JIEM \u2013 LATVIAN &#8211; 2025. GADA FEBRU\u0100RIS"},"content":{"rendered":"","protected":false},"excerpt":{"rendered":"","protected":false},"featured_media":0,"template":"","meta":[],"product_brand":[],"product_cat":[72,75],"product_tag":[],"class_list":{"0":"post-28760","1":"product","2":"type-product","3":"status-publish","5":"product_cat-rorer","6":"product_cat-translations","8":"first","9":"instock","10":"downloadable","11":"shipping-taxable","12":"product-type-simple"},"_links":{"self":[{"href":"https:\/\/kidsfunspot.xyz\/rhapsody\/wp-json\/wp\/v2\/product\/28760","targetHints":{"allow":["GET"]}}],"collection":[{"href":"https:\/\/kidsfunspot.xyz\/rhapsody\/wp-json\/wp\/v2\/product"}],"about":[{"href":"https:\/\/kidsfunspot.xyz\/rhapsody\/wp-json\/wp\/v2\/types\/product"}],"version-history":[{"count":1,"href":"https:\/\/kidsfunspot.xyz\/rhapsody\/wp-json\/wp\/v2\/product\/28760\/revisions"}],"predecessor-version":[{"id":28761,"href":"https:\/\/kidsfunspot.xyz\/rhapsody\/wp-json\/wp\/v2\/product\/28760\/revisions\/28761"}],"wp:attachment":[{"href":"https:\/\/kidsfunspot.xyz\/rhapsody\/wp-json\/wp\/v2\/media?parent=28760"}],"wp:term":[{"taxonomy":"product_brand","embeddable":true,"href":"https:\/\/kidsfunspot.xyz\/rhapsody\/wp-json\/wp\/v2\/product_brand?post=28760"},{"taxonomy":"product_cat","embeddable":true,"href":"https:\/\/kidsfunspot.xyz\/rhapsody\/wp-json\/wp\/v2\/product_cat?post=28760"},{"taxonomy":"product_tag","embeddable":true,"href":"https:\/\/kidsfunspot.xyz\/rhapsody\/wp-json\/wp\/v2\/product_tag?post=28760"}],"curies":[{"name":"wp","href":"https:\/\/api.w.org\/{rel}","templated":true}]}}