{"id":31697,"date":"2025-06-18T16:19:18","date_gmt":"2025-06-18T16:19:18","guid":{"rendered":"https:\/\/kidsfunspot.xyz\/rhapsody\/?post_type=product&#038;p=31697"},"modified":"2025-06-18T16:19:18","modified_gmt":"2025-06-18T16:19:18","slug":"rork-bereket-olsun-yaqub-ve-labannin-ikayesi-crimean-tater-latin-2025-iyul","status":"publish","type":"product","link":"https:\/\/kidsfunspot.xyz\/rhapsody\/product\/rork-bereket-olsun-yaqub-ve-labannin-ikayesi-crimean-tater-latin-2025-iyul\/","title":{"rendered":"RORK &#8211; BEREKET OLSUN: YAQUB VE LABANNI\u00d1 \u0130K\u00c2YES\u0130 &#8211; CRIMEAN TATER LATIN &#8211; 2025  \u0130Y\u00dcL"},"content":{"rendered":"","protected":false},"excerpt":{"rendered":"","protected":false},"featured_media":31698,"template":"","meta":[],"product_brand":[],"product_cat":[73,75],"product_tag":[],"class_list":{"0":"post-31697","1":"product","2":"type-product","3":"status-publish","4":"has-post-thumbnail","6":"product_cat-rork","7":"product_cat-translations","9":"first","10":"instock","11":"downloadable","12":"shipping-taxable","13":"product-type-simple"},"_links":{"self":[{"href":"https:\/\/kidsfunspot.xyz\/rhapsody\/wp-json\/wp\/v2\/product\/31697","targetHints":{"allow":["GET"]}}],"collection":[{"href":"https:\/\/kidsfunspot.xyz\/rhapsody\/wp-json\/wp\/v2\/product"}],"about":[{"href":"https:\/\/kidsfunspot.xyz\/rhapsody\/wp-json\/wp\/v2\/types\/product"}],"version-history":[{"count":1,"href":"https:\/\/kidsfunspot.xyz\/rhapsody\/wp-json\/wp\/v2\/product\/31697\/revisions"}],"predecessor-version":[{"id":31699,"href":"https:\/\/kidsfunspot.xyz\/rhapsody\/wp-json\/wp\/v2\/product\/31697\/revisions\/31699"}],"wp:featuredmedia":[{"embeddable":true,"href":"https:\/\/kidsfunspot.xyz\/rhapsody\/wp-json\/wp\/v2\/media\/31698"}],"wp:attachment":[{"href":"https:\/\/kidsfunspot.xyz\/rhapsody\/wp-json\/wp\/v2\/media?parent=31697"}],"wp:term":[{"taxonomy":"product_brand","embeddable":true,"href":"https:\/\/kidsfunspot.xyz\/rhapsody\/wp-json\/wp\/v2\/product_brand?post=31697"},{"taxonomy":"product_cat","embeddable":true,"href":"https:\/\/kidsfunspot.xyz\/rhapsody\/wp-json\/wp\/v2\/product_cat?post=31697"},{"taxonomy":"product_tag","embeddable":true,"href":"https:\/\/kidsfunspot.xyz\/rhapsody\/wp-json\/wp\/v2\/product_tag?post=31697"}],"curies":[{"name":"wp","href":"https:\/\/api.w.org\/{rel}","templated":true}]}}