{"id":33581,"date":"2025-10-07T10:07:52","date_gmt":"2025-10-07T10:07:52","guid":{"rendered":"https:\/\/kidsfunspot.xyz\/rhapsody\/?post_type=product&#038;p=33581"},"modified":"2025-10-07T10:07:52","modified_gmt":"2025-10-07T10:07:52","slug":"rork-mucdil-her-kes-ucun-isa-ve-samariya-qadininin-hekayesidir-azzerbaijani-oktyabr-2025","status":"publish","type":"product","link":"https:\/\/kidsfunspot.xyz\/rhapsody\/product\/rork-mucdil-her-kes-ucun-isa-ve-samariya-qadininin-hekayesidir-azzerbaijani-oktyabr-2025\/","title":{"rendered":"RORK &#8211; M\u00dcCD\u0130L H\u018fR K\u018fS \u00dc\u00c7\u00dcN \u0130SA V\u018f SAMAR\u0130YA QADINININ HEKAY\u018fS\u0130D\u0130R &#8211; AZZERBAIJANI &#8211; OKTYABR 2025"},"content":{"rendered":"","protected":false},"excerpt":{"rendered":"","protected":false},"featured_media":33582,"template":"","meta":[],"product_brand":[],"product_cat":[73,75],"product_tag":[],"class_list":{"0":"post-33581","1":"product","2":"type-product","3":"status-publish","4":"has-post-thumbnail","6":"product_cat-rork","7":"product_cat-translations","9":"first","10":"instock","11":"downloadable","12":"shipping-taxable","13":"product-type-simple"},"_links":{"self":[{"href":"https:\/\/kidsfunspot.xyz\/rhapsody\/wp-json\/wp\/v2\/product\/33581","targetHints":{"allow":["GET"]}}],"collection":[{"href":"https:\/\/kidsfunspot.xyz\/rhapsody\/wp-json\/wp\/v2\/product"}],"about":[{"href":"https:\/\/kidsfunspot.xyz\/rhapsody\/wp-json\/wp\/v2\/types\/product"}],"version-history":[{"count":1,"href":"https:\/\/kidsfunspot.xyz\/rhapsody\/wp-json\/wp\/v2\/product\/33581\/revisions"}],"predecessor-version":[{"id":33583,"href":"https:\/\/kidsfunspot.xyz\/rhapsody\/wp-json\/wp\/v2\/product\/33581\/revisions\/33583"}],"wp:featuredmedia":[{"embeddable":true,"href":"https:\/\/kidsfunspot.xyz\/rhapsody\/wp-json\/wp\/v2\/media\/33582"}],"wp:attachment":[{"href":"https:\/\/kidsfunspot.xyz\/rhapsody\/wp-json\/wp\/v2\/media?parent=33581"}],"wp:term":[{"taxonomy":"product_brand","embeddable":true,"href":"https:\/\/kidsfunspot.xyz\/rhapsody\/wp-json\/wp\/v2\/product_brand?post=33581"},{"taxonomy":"product_cat","embeddable":true,"href":"https:\/\/kidsfunspot.xyz\/rhapsody\/wp-json\/wp\/v2\/product_cat?post=33581"},{"taxonomy":"product_tag","embeddable":true,"href":"https:\/\/kidsfunspot.xyz\/rhapsody\/wp-json\/wp\/v2\/product_tag?post=33581"}],"curies":[{"name":"wp","href":"https:\/\/api.w.org\/{rel}","templated":true}]}}