{"id":35723,"date":"2026-03-08T21:53:44","date_gmt":"2026-03-08T21:53:44","guid":{"rendered":"https:\/\/kidsfunspot.xyz\/rhapsody\/?post_type=product&#038;p=35723"},"modified":"2026-03-08T21:53:44","modified_gmt":"2026-03-08T21:53:44","slug":"rork-ojo-ti-peteru-rin-lori-omi-yoruba-o%e1%b9%a3u-keta-odun-202-ojo-6","status":"publish","type":"product","link":"https:\/\/kidsfunspot.xyz\/rhapsody\/product\/rork-ojo-ti-peteru-rin-lori-omi-yoruba-o%e1%b9%a3u-keta-odun-202-ojo-6\/","title":{"rendered":"RORK &#8211; \u1eccJ\u1ecc\u0301 T\u00cd P\u00c9T\u00c9R\u00d9 R\u00ccN L\u00d3R\u00cd OMI \u2013 YORUBA &#8211;  O\u1e62\u00d9 K\u1eb8TA \u1eccD\u00daN 202, \u1eccJ\u1ecc\u0301 6"},"content":{"rendered":"","protected":false},"excerpt":{"rendered":"","protected":false},"featured_media":35724,"template":"","meta":[],"product_brand":[],"product_cat":[73,75],"product_tag":[],"class_list":{"0":"post-35723","1":"product","2":"type-product","3":"status-publish","4":"has-post-thumbnail","6":"product_cat-rork","7":"product_cat-translations","9":"first","10":"instock","11":"downloadable","12":"shipping-taxable","13":"product-type-simple"},"_links":{"self":[{"href":"https:\/\/kidsfunspot.xyz\/rhapsody\/wp-json\/wp\/v2\/product\/35723","targetHints":{"allow":["GET"]}}],"collection":[{"href":"https:\/\/kidsfunspot.xyz\/rhapsody\/wp-json\/wp\/v2\/product"}],"about":[{"href":"https:\/\/kidsfunspot.xyz\/rhapsody\/wp-json\/wp\/v2\/types\/product"}],"version-history":[{"count":1,"href":"https:\/\/kidsfunspot.xyz\/rhapsody\/wp-json\/wp\/v2\/product\/35723\/revisions"}],"predecessor-version":[{"id":35725,"href":"https:\/\/kidsfunspot.xyz\/rhapsody\/wp-json\/wp\/v2\/product\/35723\/revisions\/35725"}],"wp:featuredmedia":[{"embeddable":true,"href":"https:\/\/kidsfunspot.xyz\/rhapsody\/wp-json\/wp\/v2\/media\/35724"}],"wp:attachment":[{"href":"https:\/\/kidsfunspot.xyz\/rhapsody\/wp-json\/wp\/v2\/media?parent=35723"}],"wp:term":[{"taxonomy":"product_brand","embeddable":true,"href":"https:\/\/kidsfunspot.xyz\/rhapsody\/wp-json\/wp\/v2\/product_brand?post=35723"},{"taxonomy":"product_cat","embeddable":true,"href":"https:\/\/kidsfunspot.xyz\/rhapsody\/wp-json\/wp\/v2\/product_cat?post=35723"},{"taxonomy":"product_tag","embeddable":true,"href":"https:\/\/kidsfunspot.xyz\/rhapsody\/wp-json\/wp\/v2\/product_tag?post=35723"}],"curies":[{"name":"wp","href":"https:\/\/api.w.org\/{rel}","templated":true}]}}