{"id":36144,"date":"2026-04-02T15:32:47","date_gmt":"2026-04-02T15:32:47","guid":{"rendered":"https:\/\/kidsfunspot.xyz\/rhapsody\/?post_type=product&#038;p=36144"},"modified":"2026-04-02T15:32:47","modified_gmt":"2026-04-02T15:32:47","slug":"rork-e-yo-jesu-wa-laaye-yoruba-osu-kerin-2026","status":"publish","type":"product","link":"https:\/\/kidsfunspot.xyz\/rhapsody\/product\/rork-e-yo-jesu-wa-laaye-yoruba-osu-kerin-2026\/","title":{"rendered":"RORK &#8211; \u1eb8 Y\u00d3; J\u00c9S\u00da W\u00c0 L\u00c0\u00c0Y\u00c9! \u2013 YORUBA &#8211; OS\u00da K\u00c9RIN 2026"},"content":{"rendered":"","protected":false},"excerpt":{"rendered":"","protected":false},"featured_media":36145,"template":"","meta":[],"product_brand":[],"product_cat":[73,75],"product_tag":[],"class_list":{"0":"post-36144","1":"product","2":"type-product","3":"status-publish","4":"has-post-thumbnail","6":"product_cat-rork","7":"product_cat-translations","9":"first","10":"instock","11":"downloadable","12":"shipping-taxable","13":"product-type-simple"},"_links":{"self":[{"href":"https:\/\/kidsfunspot.xyz\/rhapsody\/wp-json\/wp\/v2\/product\/36144","targetHints":{"allow":["GET"]}}],"collection":[{"href":"https:\/\/kidsfunspot.xyz\/rhapsody\/wp-json\/wp\/v2\/product"}],"about":[{"href":"https:\/\/kidsfunspot.xyz\/rhapsody\/wp-json\/wp\/v2\/types\/product"}],"version-history":[{"count":1,"href":"https:\/\/kidsfunspot.xyz\/rhapsody\/wp-json\/wp\/v2\/product\/36144\/revisions"}],"predecessor-version":[{"id":36146,"href":"https:\/\/kidsfunspot.xyz\/rhapsody\/wp-json\/wp\/v2\/product\/36144\/revisions\/36146"}],"wp:featuredmedia":[{"embeddable":true,"href":"https:\/\/kidsfunspot.xyz\/rhapsody\/wp-json\/wp\/v2\/media\/36145"}],"wp:attachment":[{"href":"https:\/\/kidsfunspot.xyz\/rhapsody\/wp-json\/wp\/v2\/media?parent=36144"}],"wp:term":[{"taxonomy":"product_brand","embeddable":true,"href":"https:\/\/kidsfunspot.xyz\/rhapsody\/wp-json\/wp\/v2\/product_brand?post=36144"},{"taxonomy":"product_cat","embeddable":true,"href":"https:\/\/kidsfunspot.xyz\/rhapsody\/wp-json\/wp\/v2\/product_cat?post=36144"},{"taxonomy":"product_tag","embeddable":true,"href":"https:\/\/kidsfunspot.xyz\/rhapsody\/wp-json\/wp\/v2\/product_tag?post=36144"}],"curies":[{"name":"wp","href":"https:\/\/api.w.org\/{rel}","templated":true}]}}