{"id":36274,"date":"2026-04-10T07:37:11","date_gmt":"2026-04-10T07:37:11","guid":{"rendered":"https:\/\/kidsfunspot.xyz\/rhapsody\/?post_type=product&#038;p=36274"},"modified":"2026-04-10T07:37:11","modified_gmt":"2026-04-10T07:37:11","slug":"rork-bigi-athas-ta-iosa-beo-irish-aibrean-2026","status":"publish","type":"product","link":"https:\/\/kidsfunspot.xyz\/rhapsody\/product\/rork-bigi-athas-ta-iosa-beo-irish-aibrean-2026\/","title":{"rendered":"RORK &#8211; B\u00cdG\u00cd \u00c1THAS; T\u00c1 \u00cdOSA BE\u00d3! \u2013 IRISH &#8211; AIBRE\u00c1N 2026"},"content":{"rendered":"","protected":false},"excerpt":{"rendered":"","protected":false},"featured_media":36275,"template":"","meta":[],"product_brand":[],"product_cat":[73,75],"product_tag":[],"class_list":{"0":"post-36274","1":"product","2":"type-product","3":"status-publish","4":"has-post-thumbnail","6":"product_cat-rork","7":"product_cat-translations","9":"first","10":"instock","11":"downloadable","12":"shipping-taxable","13":"product-type-simple"},"_links":{"self":[{"href":"https:\/\/kidsfunspot.xyz\/rhapsody\/wp-json\/wp\/v2\/product\/36274","targetHints":{"allow":["GET"]}}],"collection":[{"href":"https:\/\/kidsfunspot.xyz\/rhapsody\/wp-json\/wp\/v2\/product"}],"about":[{"href":"https:\/\/kidsfunspot.xyz\/rhapsody\/wp-json\/wp\/v2\/types\/product"}],"version-history":[{"count":1,"href":"https:\/\/kidsfunspot.xyz\/rhapsody\/wp-json\/wp\/v2\/product\/36274\/revisions"}],"predecessor-version":[{"id":36276,"href":"https:\/\/kidsfunspot.xyz\/rhapsody\/wp-json\/wp\/v2\/product\/36274\/revisions\/36276"}],"wp:featuredmedia":[{"embeddable":true,"href":"https:\/\/kidsfunspot.xyz\/rhapsody\/wp-json\/wp\/v2\/media\/36275"}],"wp:attachment":[{"href":"https:\/\/kidsfunspot.xyz\/rhapsody\/wp-json\/wp\/v2\/media?parent=36274"}],"wp:term":[{"taxonomy":"product_brand","embeddable":true,"href":"https:\/\/kidsfunspot.xyz\/rhapsody\/wp-json\/wp\/v2\/product_brand?post=36274"},{"taxonomy":"product_cat","embeddable":true,"href":"https:\/\/kidsfunspot.xyz\/rhapsody\/wp-json\/wp\/v2\/product_cat?post=36274"},{"taxonomy":"product_tag","embeddable":true,"href":"https:\/\/kidsfunspot.xyz\/rhapsody\/wp-json\/wp\/v2\/product_tag?post=36274"}],"curies":[{"name":"wp","href":"https:\/\/api.w.org\/{rel}","templated":true}]}}